{"id":49373,"date":"2018-03-12T14:10:04","date_gmt":"2018-03-12T13:10:04","guid":{"rendered":"http:\/\/www.kiekrin-weinhandlung.de\/?page_id=49373"},"modified":"2024-12-18T07:14:38","modified_gmt":"2024-12-18T06:14:38","slug":"portugiesische-winzer","status":"publish","type":"page","link":"https:\/\/www.kiekrin-weinhandlung.de\/?page_id=49373","title":{"rendered":"Portugiesische Winzer"},"content":{"rendered":"<p>[et_pb_section fb_built=&#8220;1&#8243; _builder_version=&#8220;3.22&#8243; global_colors_info=&#8220;{}&#8220;][et_pb_row _builder_version=&#8220;3.25&#8243; custom_padding=&#8220;27px|0px|9px|0px&#8220; global_colors_info=&#8220;{}&#8220;][et_pb_column type=&#8220;4_4&#8243; _builder_version=&#8220;3.25&#8243; custom_padding=&#8220;|||&#8220; global_colors_info=&#8220;{}&#8220; custom_padding__hover=&#8220;|||&#8220;][et_pb_text _builder_version=&#8220;3.27.4&#8243; global_colors_info=&#8220;{}&#8220;]<\/p>\n<h1 style=\"text-align: left;\">Winzer aus Portugal<\/h1>\n<p>[\/et_pb_text][\/et_pb_column][\/et_pb_row][et_pb_row _builder_version=&#8220;3.25&#8243; global_colors_info=&#8220;{}&#8220; column_structure=&#8220;1_2,1_2&#8243;][et_pb_column type=&#8220;1_2&#8243; _builder_version=&#8220;3.25&#8243; custom_padding=&#8220;|||&#8220; global_colors_info=&#8220;{}&#8220; custom_padding__hover=&#8220;|||&#8220;][et_pb_text _builder_version=&#8220;3.27.4&#8243; global_colors_info=&#8220;{}&#8220;]<\/p>\n<p><span>Wie sich die Zeiten \u00e4ndern! Portugal ist mal wieder \u201ein\u201c! Damals bei den Engl\u00e4ndern, ( den `Erfindern des Ports\u00b4 der immer noch `in\u00b4 ist! Wunderbar!), in den 1970er Jahren bei den \u201eLinken\u201c und nun endlich bei den Weingenie\u00dfern. Die Weing\u00e4rten Portugals haben einiges zu bieten. Gegen alle Trends haben sich die Winzer in diesem Land f\u00fcr ihre autonomen Rebsorten entschieden. Wie viele hundert Rebsorten es dort gibt, wei\u00df niemand ganz genau. Genau darin liegt Portugals gro\u00dfes Potential.\u00a0<\/span><\/p>\n<p>[\/et_pb_text][\/et_pb_column][et_pb_column type=&#8220;1_2&#8243; _builder_version=&#8220;3.25&#8243; custom_padding=&#8220;|||&#8220; global_colors_info=&#8220;{}&#8220; custom_padding__hover=&#8220;|||&#8220;][et_pb_text _builder_version=&#8220;3.27.4&#8243; global_colors_info=&#8220;{}&#8220;]<\/p>\n<p><span>So werden wir sicher in den n\u00e4chsten Jahren immer mehr Weine mit bester Qualit\u00e4t und au\u00dferordentlichem Geschmack bekommen. Wir haben schon mal ein Weingut ausgesucht, das ihre Neugierde wecken sollte, Adega Plansel im Alentejo. Vom eleganten Wei\u00dfwein bis hin zum fruchtigen kraftvollen Rotwein \u00fcberzeugen diese einzigartigen Weine in jeder Hinsicht.\u00a0<\/span><\/p>\n<p>[\/et_pb_text][\/et_pb_column][\/et_pb_row][\/et_pb_section]<\/p>\n","protected":false},"excerpt":{"rendered":"<p>Winzer aus PortugalWie sich die Zeiten \u00e4ndern! Portugal ist mal wieder \u201ein\u201c! Damals bei den Engl\u00e4ndern, ( den `Erfindern des Ports\u00b4 der immer noch `in\u00b4 ist! Wunderbar!), in den 1970er Jahren bei den \u201eLinken\u201c und nun endlich bei den Weingenie\u00dfern. Die Weing\u00e4rten Portugals haben einiges zu bieten. Gegen alle Trends haben sich die Winzer in [&hellip;]<\/p>\n","protected":false},"author":1,"featured_media":0,"parent":0,"menu_order":0,"comment_status":"closed","ping_status":"closed","template":"","meta":{"_et_pb_use_builder":"on","_et_pb_old_content":"","_et_gb_content_width":"","footnotes":""},"class_list":["post-49373","page","type-page","status-publish","hentry"],"_links":{"self":[{"href":"https:\/\/www.kiekrin-weinhandlung.de\/index.php?rest_route=\/wp\/v2\/pages\/49373","targetHints":{"allow":["GET"]}}],"collection":[{"href":"https:\/\/www.kiekrin-weinhandlung.de\/index.php?rest_route=\/wp\/v2\/pages"}],"about":[{"href":"https:\/\/www.kiekrin-weinhandlung.de\/index.php?rest_route=\/wp\/v2\/types\/page"}],"author":[{"embeddable":true,"href":"https:\/\/www.kiekrin-weinhandlung.de\/index.php?rest_route=\/wp\/v2\/users\/1"}],"replies":[{"embeddable":true,"href":"https:\/\/www.kiekrin-weinhandlung.de\/index.php?rest_route=%2Fwp%2Fv2%2Fcomments&post=49373"}],"version-history":[{"count":5,"href":"https:\/\/www.kiekrin-weinhandlung.de\/index.php?rest_route=\/wp\/v2\/pages\/49373\/revisions"}],"predecessor-version":[{"id":50461,"href":"https:\/\/www.kiekrin-weinhandlung.de\/index.php?rest_route=\/wp\/v2\/pages\/49373\/revisions\/50461"}],"wp:attachment":[{"href":"https:\/\/www.kiekrin-weinhandlung.de\/index.php?rest_route=%2Fwp%2Fv2%2Fmedia&parent=49373"}],"curies":[{"name":"wp","href":"https:\/\/api.w.org\/{rel}","templated":true}]}}