{"id":49368,"date":"2018-03-12T14:08:57","date_gmt":"2018-03-12T13:08:57","guid":{"rendered":"http:\/\/www.kiekrin-weinhandlung.de\/?page_id=49368"},"modified":"2018-05-22T12:57:24","modified_gmt":"2018-05-22T10:57:24","slug":"italienische-winzer","status":"publish","type":"page","link":"https:\/\/www.kiekrin-weinhandlung.de\/?page_id=49368","title":{"rendered":"Italienische Winzer"},"content":{"rendered":"<p>[et_pb_section fb_built=&#8220;1&#8243; _builder_version=&#8220;3.0.47&#8243;][et_pb_row custom_padding=&#8220;27px|0px|6px|0px&#8220; _builder_version=&#8220;3.0.105&#8243;][et_pb_column type=&#8220;4_4&#8243; _builder_version=&#8220;3.0.105&#8243; parallax=&#8220;off&#8220; parallax_method=&#8220;on&#8220;][et_pb_text _builder_version=&#8220;3.0.105&#8243;]<\/p>\n<h1 style=\"text-align: left;\">Italienische Winzer<\/h1>\n<p>[\/et_pb_text][\/et_pb_column][\/et_pb_row][et_pb_row _builder_version=&#8220;3.0.105&#8243;][et_pb_column type=&#8220;1_2&#8243; _builder_version=&#8220;3.0.105&#8243; parallax=&#8220;off&#8220; parallax_method=&#8220;on&#8220;][et_pb_text _builder_version=&#8220;3.0.105&#8243;]<\/p>\n<p><strong>Weing\u00e4rten \u00fcberall! Wenn man sich Italien einmal genau anschaut, gibt es, von der\u00a0\u00a0Po-Ebene und den K\u00fcsten abgesehen,\u00a0eigentlich mehr Berge und h\u00fcgelige Landschaften &#8211; sehr reizvoll und abwechslungsreich! Wein und Oliven pr\u00e4gen das Landschaftsbild. Beide Fr\u00fcchte sind das Geschmacksgut schlechthin. Italiens Weinschatztruhe ist prall gef\u00fcllt. 900 Sorten sind registriet, man sch\u00e4tzt, dass es noch weitere 1000 Sorten gibt. Erstaunlicherweise weniger Rotweinsorten. \u00dcberall in Italien geht es um Wein und Weing\u00e4rten. <\/strong><\/p>\n<p><span>In Morro d`Alba, in den Marken, im Hinterland von Ancona wird ein wundersch\u00f6ner Lacrima von einer ehemaligen Bremerin, die sich in einen Weinbauern verliebt hat, produziert. Hier wird der Weinberg noch geh\u00fctet wie ein Schatz. Es gibt nicht einmal eine Abf\u00fcllanlage, das Abf\u00fcllen \u00fcbernimmt ein benachbarter Winzer, ein Freund. Die Weine werden ausschlie\u00dflich in der Region verkauft und ausnahmsweise auch bei uns\u00a0in Bremen. Das war anfangs nicht einfach. Aber nun klappt es. Super Weine!. Witzigerweise gibt es noch eine andere deutsch-italienische Bande: Auf Sizilien. Familie di Giovanna aus der Provinz Agrigento nahe dem St\u00e4dtchen Sambuca. Auch da war es die Liebe. Heute, viele Jahre sp\u00e4ter, gibt es zwei S\u00f6hne, die sich dem \u00f6kologischen Weinbau verschrieben haben.\u00a0<\/span><\/p>\n<p>[\/et_pb_text][\/et_pb_column][et_pb_column type=&#8220;1_2&#8243; _builder_version=&#8220;3.0.105&#8243; parallax=&#8220;off&#8220; parallax_method=&#8220;on&#8220;][et_pb_text _builder_version=&#8220;3.0.105&#8243;]<\/p>\n<p><span>Auch diese Familie hat sich der Qualit\u00e4t verschrieben. Vom `einfachen\u00b4 Paradiso Rosso und Paradiso Bianco (den das Paradiso in Bremen &#8211; Weinbar, Kunst und Musik &#8211; als Hauswein verkauft ), bis hin zu wirklichen Spitzen des internationalen Weines \u2013 nur zu empfehlen! Nach so vielen deutsch-italienisch Verbindungen wollen wir auch unseren \u201eechten\u201c Italienern das Feld \u00fcberlassen.\u00a0<\/span><\/p>\n<p><span>Weing\u00e4rten im Piemont, von den Br\u00fcdern Giacosa in Neive bewirtschaftet geh\u00f6ren unbestritten\u00a0 zu den Aufsteigern. Jahrelange Arbeit in Garten und Keller. Die Weine bestechen durch Klarheit, haben eine sch\u00f6ne L\u00e4nge und\u00a0 manch\u00b4 Barolo, der jetzt gereift ist, wurde zun\u00e4chst untersch\u00e4tzt. Hochachtung! Wir sind entz\u00fcckt, dass die Gebr\u00fcder uns erlauben, diese Weine so g\u00fcnstig anzubieten. Italien hat uns zwar den Urlaub\u00a0 verteuert, aber es gibt auch positive Nachrichten: In Apulien, der Umgebung von Manduria, befinden sich einige unserer Lieblingsweing\u00fcter: Pervini, Sinfarosa und Felline. Diese drei hatten eine Idee und die hei\u00dft , ANARKOS. Ein Wein, der von diesen drei Weing\u00fctern kommt und ein Cuvee aus Primitivo, Negroamaro und Malvasia Nera. Dieser Wein hat es geschafft, vor allem junge Weingenie\u00dfer in eine Weinhandlung kommen zu lassen.\u00a0 Einfach, weil sie begeistert von diesem Wein sind. Wir auch.\u00a0<\/span><\/p>\n<p>[\/et_pb_text][\/et_pb_column][\/et_pb_row][et_pb_row custom_padding=&#8220;27px|0px|1px|0px&#8220; _builder_version=&#8220;3.0.100&#8243;][et_pb_column type=&#8220;4_4&#8243; _builder_version=&#8220;3.0.100&#8243; parallax=&#8220;off&#8220; parallax_method=&#8220;on&#8220;][et_pb_divider color=&#8220;#bababa&#8220; show_divider=&#8220;on&#8220; divider_weight=&#8220;1px&#8220; height=&#8220;63px&#8220; _builder_version=&#8220;3.0.105&#8243; max_width=&#8220;65%&#8220; module_alignment=&#8220;right&#8220;][\/et_pb_divider][\/et_pb_column][\/et_pb_row][et_pb_row custom_padding=&#8220;0px|0px|0px|0px&#8220; _builder_version=&#8220;3.0.101&#8243; module_alignment=&#8220;center&#8220;][et_pb_column type=&#8220;1_3&#8243; _builder_version=&#8220;3.0.101&#8243; parallax=&#8220;off&#8220; parallax_method=&#8220;on&#8220;][et_pb_code _builder_version=&#8220;3.0.105&#8243;]&lt;blockquote class=&quot;instagram-media&quot; data-instgrm-permalink=&quot;https:\/\/www.instagram.com\/p\/y_qU2OB3YM\/&quot; data-instgrm-version=&quot;8&quot; style=&quot; background:#FFF; border:0; border-radius:3px; box-shadow:0 0 1px 0 rgba(0,0,0,0.5),0 1px 10px 0 rgba(0,0,0,0.15); margin: 1px; max-width:658px; padding:0; width:99.375%; width:-webkit-calc(100% &#8211; 2px); width:calc(100% &#8211; 2px);&quot;&gt;&lt;div style=&quot;padding:8px;&quot;&gt; &lt;div style=&quot; background:#F8F8F8; line-height:0; margin-top:40px; padding:50% 0; text-align:center; width:100%;&quot;&gt; &lt;div style=&quot; background:url(data:image\/png;base64,iVBORw0KGgoAAAANSUhEUgAAACwAAAAsCAMAAAApWqozAAAABGdBTUEAALGPC\/xhBQAAAAFzUkdCAK7OHOkAAAAMUExURczMzPf399fX1+bm5mzY9AMAAADiSURBVDjLvZXbEsMgCES5\/P8\/t9FuRVCRmU73JWlzosgSIIZURCjo\/ad+EQJJB4Hv8BFt+IDpQoCx1wjOSBFhh2XssxEIYn3ulI\/6MNReE07UIWJEv8UEOWDS88LY97kqyTliJKKtuYBbruAyVh5wOHiXmpi5we58Ek028czwyuQdLKPG1Bkb4NnM+VeAnfHqn1k4+GPT6uGQcvu2h2OVuIf\/gWUFyy8OWEpdyZSa3aVCqpVoVvzZZ2VTnn2wU8qzVjDDetO90GSy9mVLqtgYSy231MxrY6I2gGqjrTY0L8fxCxfCBbhWrsYYAAAAAElFTkSuQmCC); display:block; height:44px; margin:0 auto -44px; position:relative; top:-22px; width:44px;&quot;&gt;&lt;\/div&gt;&lt;\/div&gt;&lt;p style=&quot; color:#c9c8cd; font-family:Arial,sans-serif; font-size:14px; line-height:17px; margin-bottom:0; margin-top:8px; overflow:hidden; padding:8px 0 7px; text-align:center; text-overflow:ellipsis; white-space:nowrap;&quot;&gt;&lt;a href=&quot;https:\/\/www.instagram.com\/p\/y_qU2OB3YM\/&quot; style=&quot; color:#c9c8cd; font-family:Arial,sans-serif; font-size:14px; font-style:normal; font-weight:normal; line-height:17px; text-decoration:none;&quot; target=&quot;_blank&quot;&gt;Ein Beitrag geteilt von Ippolito 1845 (@ippolito1845)&lt;\/a&gt; am &lt;time style=&quot; font-family:Arial,sans-serif; font-size:14px; line-height:17px;&quot; datetime=&quot;2015-02-12T08:38:44+00:00&quot;&gt;Feb 12, 2015 um 12:38 PST&lt;\/time&gt;&lt;\/p&gt;&lt;\/div&gt;&lt;\/blockquote&gt; &lt;script async defer src=&quot;\/\/www.instagram.com\/embed.js&quot;&gt;&lt;\/script&gt;[\/et_pb_code][et_pb_text _builder_version=&#8220;3.0.101&#8243;][\/et_pb_text][\/et_pb_column][et_pb_column type=&#8220;2_3&#8243; _builder_version=&#8220;3.0.101&#8243; parallax=&#8220;off&#8220; parallax_method=&#8220;on&#8220;][et_pb_text _builder_version=&#8220;3.0.105&#8243;]<\/p>\n<h1>Cantine Vincenzo Ippolito<\/h1>\n<h4>Kalabrien<\/h4>\n<p>Ganz im S\u00fcden von Italien, sozusagen der dicke Zeh der stiefelartigen Halbinsel, liegt Kalabrien. Italien pur. Hinter Rom ist alles anders, so auch die Rebsorten. Greco Bianco, eine der \u00e4ltesten Rebsorten des Cir\u00f3 mit intensiver tropisch-frischen Frucht und Mineralit\u00e4t.<\/p>\n<p>Es ist hei\u00df im S\u00fcden, genau richtig f\u00fcr die Rebsorte Gaglioppo: kr\u00e4ftige rote Fr\u00fcchte im Mund sch\u00f6ne W\u00fcrze, feine Tannine. Hier zeigt die Familie Ippolito was sie kann.<br \/>\nNicht zu vergessen \u2013 Calabrese \u2013 auf Sizilien hei\u00dft diese Rebsorte Nero d\u2019 Avola, kommt wahrscheinlich auch aus Griechenland. Die Rebe ist sehr anspruchsvoll, belohnt dann aber mit kr\u00e4ftigen langlebigen Weinen.<\/p>\n<p>Cantine Vincenzo Ippolito<br \/>\nVia Tirone, 118<br \/>\n88811 Cir\u00f3 Marina (KR)<br \/>\nhttp:\/\/www.ippolito1845.it<br \/>\n[\/et_pb_text][\/et_pb_column][\/et_pb_row][\/et_pb_section]<\/p>\n","protected":false},"excerpt":{"rendered":"<p>Italienische Winzer Weing\u00e4rten \u00fcberall! Wenn man sich Italien einmal genau anschaut, gibt es, von der\u00a0\u00a0Po-Ebene und den K\u00fcsten abgesehen,\u00a0eigentlich mehr Berge und h\u00fcgelige Landschaften &#8211; sehr reizvoll und abwechslungsreich! Wein und Oliven pr\u00e4gen das Landschaftsbild. Beide Fr\u00fcchte sind das Geschmacksgut schlechthin. Italiens Weinschatztruhe ist prall gef\u00fcllt. 900 Sorten sind registriet, man sch\u00e4tzt, dass es noch [&hellip;]<\/p>\n","protected":false},"author":1,"featured_media":0,"parent":0,"menu_order":0,"comment_status":"closed","ping_status":"closed","template":"","meta":{"_et_pb_use_builder":"on","_et_pb_old_content":"","_et_gb_content_width":"","footnotes":""},"class_list":["post-49368","page","type-page","status-publish","hentry"],"_links":{"self":[{"href":"https:\/\/www.kiekrin-weinhandlung.de\/index.php?rest_route=\/wp\/v2\/pages\/49368","targetHints":{"allow":["GET"]}}],"collection":[{"href":"https:\/\/www.kiekrin-weinhandlung.de\/index.php?rest_route=\/wp\/v2\/pages"}],"about":[{"href":"https:\/\/www.kiekrin-weinhandlung.de\/index.php?rest_route=\/wp\/v2\/types\/page"}],"author":[{"embeddable":true,"href":"https:\/\/www.kiekrin-weinhandlung.de\/index.php?rest_route=\/wp\/v2\/users\/1"}],"replies":[{"embeddable":true,"href":"https:\/\/www.kiekrin-weinhandlung.de\/index.php?rest_route=%2Fwp%2Fv2%2Fcomments&post=49368"}],"version-history":[{"count":6,"href":"https:\/\/www.kiekrin-weinhandlung.de\/index.php?rest_route=\/wp\/v2\/pages\/49368\/revisions"}],"predecessor-version":[{"id":49667,"href":"https:\/\/www.kiekrin-weinhandlung.de\/index.php?rest_route=\/wp\/v2\/pages\/49368\/revisions\/49667"}],"wp:attachment":[{"href":"https:\/\/www.kiekrin-weinhandlung.de\/index.php?rest_route=%2Fwp%2Fv2%2Fmedia&parent=49368"}],"curies":[{"name":"wp","href":"https:\/\/api.w.org\/{rel}","templated":true}]}}