{"id":49366,"date":"2018-03-12T14:08:40","date_gmt":"2018-03-12T13:08:40","guid":{"rendered":"http:\/\/www.kiekrin-weinhandlung.de\/?page_id=49366"},"modified":"2018-05-22T16:51:38","modified_gmt":"2018-05-22T14:51:38","slug":"franzosische-winzer","status":"publish","type":"page","link":"https:\/\/www.kiekrin-weinhandlung.de\/?page_id=49366","title":{"rendered":"Franz\u00f6sische Winzer"},"content":{"rendered":"<p>[et_pb_section fb_built=&#8220;1&#8243; _builder_version=&#8220;3.0.47&#8243;][et_pb_row custom_padding=&#8220;27px|0px|8px|0px&#8220; _builder_version=&#8220;3.0.105&#8243;][et_pb_column type=&#8220;4_4&#8243; _builder_version=&#8220;3.0.105&#8243; parallax=&#8220;off&#8220; parallax_method=&#8220;on&#8220;][et_pb_text _builder_version=&#8220;3.0.105&#8243;]<\/p>\n<h1 style=\"text-align: left;\">Franz\u00f6sische Winzer<\/h1>\n<p>[\/et_pb_text][\/et_pb_column][\/et_pb_row][et_pb_row _builder_version=&#8220;3.0.105&#8243;][et_pb_column type=&#8220;1_2&#8243; _builder_version=&#8220;3.0.105&#8243; parallax=&#8220;off&#8220; parallax_method=&#8220;on&#8220;][et_pb_text _builder_version=&#8220;3.0.105&#8243;]<\/p>\n<p><strong>Wer an Genuss denkt, assoziiert Frankreich in irgendeiner Weise. Beim Thema Wein ist es unbedingt so. So f\u00e4ngt z.B. das Wein-ABC nicht mit `A\u00b4 an, sondern mit `B\u00b4, wie Bordeaux, Bourgogne, Beaujolais, Barrique, Bukett, Brut an und oft &#8211; bedauerlicherweise &#8211; auch mit `P\u00b4 wie Preis. <\/strong><\/p>\n<p><span>Auch in dieser Liste gilt, dass der Preis schon beim Erscheinen der Liste ein anderer sein kann. Es ist leider so! Die enorme Vielfalt, die Tradition, die Erfahrung und die Kunst der Assemblage sind wesentliche Bestandteile franz\u00f6sischer Weinkultur. Sicher, modern sind reine\u00a0Rebsortenweine. Auch in Frankreich gibt es leckeren Merlot, Cabernet \u2013 Sauvignon, Chardonnay usw., aber das Cuv\u00e9e ist eine wirkliche Kunst.<\/span><span>\u00a0\u00a0<\/span><span>Das ist im Bordeaux so, an der Rh\u00f4ne und auch im S\u00fcden der Republik. Im Bordeaux dominieren Merlot und Cabernet Sauvignon.\u00a0<\/span><\/p>\n<p>[\/et_pb_text][\/et_pb_column][et_pb_column type=&#8220;1_2&#8243; _builder_version=&#8220;3.0.105&#8243; parallax=&#8220;off&#8220; parallax_method=&#8220;on&#8220;][et_pb_text _builder_version=&#8220;3.0.105&#8243;]<\/p>\n<p><span>Im S\u00fcden hingegen wird es auf andere Weise interessant. Aus den einst verschm\u00e4hten Tafelweinregionen kommen heute Weine mit betr\u00e4chtlichem Potential. Und hier kommt es auf die richtige Mischung an. Da prallen Rebsorten mit ungeheurer Wucht aufeinander. Syrah, Mourvedre, Carignan, Cinsault, und Grenache. So entstehen sehr komplexe Weine, mit viel Frucht, gut eingebundenen Tanninen. Erstaunlich, dass das hier so wenig wahrgenommen wird! Mit der Domaine Canet Valette, dem Chateau Etang des Colombes und der Domaine Forca Real haben wir schon einige der Besten aus dem sonnigen S\u00fcden im Sortiment. Und sonst? Ja, ich war wieder im Elsass.\u00a0<\/span><\/p>\n<p>[\/et_pb_text][\/et_pb_column][\/et_pb_row][et_pb_row custom_padding=&#8220;27px|0px|1px|0px&#8220; _builder_version=&#8220;3.0.100&#8243;][et_pb_column type=&#8220;4_4&#8243; _builder_version=&#8220;3.0.100&#8243; parallax=&#8220;off&#8220; parallax_method=&#8220;on&#8220;][et_pb_divider color=&#8220;#bababa&#8220; show_divider=&#8220;on&#8220; divider_weight=&#8220;1px&#8220; height=&#8220;63px&#8220; _builder_version=&#8220;3.0.105&#8243; max_width=&#8220;65%&#8220; module_alignment=&#8220;right&#8220;][\/et_pb_divider][\/et_pb_column][\/et_pb_row][et_pb_row custom_padding=&#8220;0px|0px|0px|0px&#8220; _builder_version=&#8220;3.0.101&#8243; module_alignment=&#8220;center&#8220;][et_pb_column type=&#8220;1_3&#8243; _builder_version=&#8220;3.0.101&#8243; parallax=&#8220;off&#8220; parallax_method=&#8220;on&#8220;][et_pb_image src=&#8220;http:\/\/www.kiekrin-weinhandlung.de\/wp-content\/uploads\/2018\/05\/ostertag-huirliman-winzer.jpg&#8220; show_in_lightbox=&#8220;on&#8220; use_overlay=&#8220;on&#8220; _builder_version=&#8220;3.0.105&#8243;][\/et_pb_image][et_pb_text _builder_version=&#8220;3.0.101&#8243;][\/et_pb_text][\/et_pb_column][et_pb_column type=&#8220;2_3&#8243; _builder_version=&#8220;3.0.101&#8243; parallax=&#8220;off&#8220; parallax_method=&#8220;on&#8220;][et_pb_text _builder_version=&#8220;3.0.105&#8243;]<\/p>\n<h1>Vins Ostertag-Hurlimann<\/h1>\n<h4>Alsace<\/h4>\n<p>Alle wissen, Kalle ist ein Elsass-Fan. Jedes Jahr in den Herbstferien verweilt er mit Familie oberhalb von Lapoutroie auf einem Bauernhof. Mit Blick \u00fcber die Rheinebene. Wundersch\u00f6n. Mal ist gerade Weinlese, mal ist sie gerade vorbei, aber es ist immer ein Farbenrausch. Ein goldener Herbst.<br \/>Ostertag-Hurlimann ist ein kleines Familien Weingut im n\u00f6rdlichen Elsass. Auf 17 Ha gedeihen vom Pinot Blanc bis zum Grand Cruz Gew\u00fcrztraminer die typischen Rebsorten der Gegend.<br \/>Fast alle Weine werden trocken ausgebaut, was im Elsass nicht immer der Fall ist. Besonders hervorheben m\u00f6chte ich die Cr\u00e9mants Tradition, Prestige und Ros\u00e9. Wirklich noch von Hand ger\u00fcttelt, \u00fcberzeugen sie durch eine feine Frucht, Eleganz und sanfter lang anhaltender Perlage.<\/p>\n<p>Ostertag-Hurlimann<br \/>44 Rue Sainte-Marguerite, 67680 Epfig<br \/>https:\/\/www.ostertag-hurlimann.fr\/<\/p>\n<p>[\/et_pb_text][\/et_pb_column][\/et_pb_row][et_pb_row custom_padding=&#8220;27px|0px|1px|0px&#8220; _builder_version=&#8220;3.0.100&#8243;][et_pb_column type=&#8220;4_4&#8243; _builder_version=&#8220;3.0.100&#8243; parallax=&#8220;off&#8220; parallax_method=&#8220;on&#8220;][et_pb_divider color=&#8220;#bababa&#8220; show_divider=&#8220;on&#8220; divider_weight=&#8220;1px&#8220; height=&#8220;63px&#8220; _builder_version=&#8220;3.0.105&#8243; max_width=&#8220;65%&#8220; module_alignment=&#8220;right&#8220;][\/et_pb_divider][\/et_pb_column][\/et_pb_row][et_pb_row custom_padding=&#8220;0px|0px|0px|0px&#8220; _builder_version=&#8220;3.0.101&#8243; module_alignment=&#8220;center&#8220;][et_pb_column type=&#8220;1_3&#8243; _builder_version=&#8220;3.0.101&#8243; parallax=&#8220;off&#8220; parallax_method=&#8220;on&#8220;][et_pb_text _builder_version=&#8220;3.0.101&#8243;][\/et_pb_text][\/et_pb_column][et_pb_column type=&#8220;2_3&#8243; _builder_version=&#8220;3.0.101&#8243; parallax=&#8220;off&#8220; parallax_method=&#8220;on&#8220;][et_pb_text _builder_version=&#8220;3.0.105&#8243;]<\/p>\n<h1>Domaine Chamfort<\/h1>\n<h4>Rh\u00f4ne<\/h4>\n<p>Ich glaube seit fast 25 Jahren arbeiten wir mit der Domaine Chamfort zusammen. Damals gab es noch kein Navi und wir hatten uns auf der Suche nach einem anderen Winzer verfahren. Ein gl\u00fccklicher Zufall f\u00fchrte uns zur Domaine Chamfort. Seit ein paar Jahren wird das Weingut von der Familie Perdigao gef\u00fchrt. Diese f\u00fchrt die alte Tradition fort und geht noch einen Schritt weiter, die biologische Arbeitsweise \u2013 endlich \u2013 auch zertifizieren zu lassen, was bei den Lagen, die dieses Weingut besitzt, nur konsequent ist.<br \/>Teilweise 60 Jahre alte Grenach- und Mourv\u00e9dre-St\u00f6cke fahren ein gro\u00dfes Potenzial an Aromen auf. Vaqueyras vom feinsten! Sablet, Rasteau, C\u00f4tes du Rh\u00f4ne. Die Perdigaos arbeiten auch im Keller traditionell, keine Kunsthefen und immer wieder gro\u00dfe Holzf\u00e4sser.<\/p>\n<p>Domaine Chamfort<br \/>SCEA Famille Perdigao<br \/>280 Route du Parandou \u2013 84110 Sablet<br \/>http:\/\/www.domaine-chamfort.fr\/<\/p>\n<p>\u00a0<\/p>\n<p>[\/et_pb_text][\/et_pb_column][\/et_pb_row][et_pb_row custom_padding=&#8220;27px|0px|1px|0px&#8220; _builder_version=&#8220;3.0.100&#8243;][et_pb_column type=&#8220;4_4&#8243; _builder_version=&#8220;3.0.100&#8243; parallax=&#8220;off&#8220; parallax_method=&#8220;on&#8220;][et_pb_divider color=&#8220;#bababa&#8220; show_divider=&#8220;on&#8220; divider_weight=&#8220;1px&#8220; height=&#8220;63px&#8220; _builder_version=&#8220;3.0.105&#8243; max_width=&#8220;65%&#8220; module_alignment=&#8220;right&#8220;][\/et_pb_divider][\/et_pb_column][\/et_pb_row][et_pb_row custom_padding=&#8220;0px|0px|0px|0px&#8220; _builder_version=&#8220;3.0.101&#8243; module_alignment=&#8220;center&#8220;][et_pb_column type=&#8220;1_3&#8243; _builder_version=&#8220;3.0.101&#8243; parallax=&#8220;off&#8220; parallax_method=&#8220;on&#8220;][et_pb_image src=&#8220;http:\/\/www.kiekrin-weinhandlung.de\/wp-content\/uploads\/2018\/05\/domaine-lafond-winzer.jpg&#8220; show_in_lightbox=&#8220;on&#8220; use_overlay=&#8220;on&#8220; _builder_version=&#8220;3.0.105&#8243;][\/et_pb_image][et_pb_text _builder_version=&#8220;3.0.101&#8243;][\/et_pb_text][\/et_pb_column][et_pb_column type=&#8220;2_3&#8243; _builder_version=&#8220;3.0.101&#8243; parallax=&#8220;off&#8220; parallax_method=&#8220;on&#8220;][et_pb_text _builder_version=&#8220;3.0.105&#8243;]<\/p>\n<h1>Domaine Lafond<\/h1>\n<h4>Rh\u00f4ne<\/h4>\n<p>Mein Lieblings-Ros\u00e9: Tavel! Warum auch immer \u2013 eigentlich zu viel Alkohol (14%) \u2013 aber diese Farbe und dann die Nase, ich liebe diesen Stoff.<br \/>Dieser Ros\u00e9 kann auch mal ein paar Jahre im Keller verschwinden, das ist richtiger Wein, der bleibt h\u00e4ngen!<\/p>\n<p>Domaine La Fond \u2013 Tradition und Bio pr\u00e4gen dieses Familien-Weingut. Hier wird seit vielen Generationen der Weinberg gepflegt, das Resultat sind sehr dichte, vielschichtige und fruchtbetonte Weine. C\u00f4tes du Rh\u00f4ne, Lirac oder Ch\u00e2teauneuf du Pape, wunderbare Cuv\u00e9es aus Syrah, Cinsault, Carignon, Mourv\u00e9dre, Clairette. Nat\u00fcrlich gibt es auch sch\u00f6ne Wei\u00dfe. Jetzt probieren!<\/p>\n<p>Domaine LAFOND<br \/>Pascal et Jean-Baptiste\u00a0&#8211; Propri\u00e9taires R\u00e9coltants<br \/>336 Route des Vignobles &#8211; 30126 TAVEL<\/p>\n<p>https:\/\/www.domaine-lafond.com\/<\/p>\n<p>[\/et_pb_text][\/et_pb_column][\/et_pb_row][\/et_pb_section]<\/p>\n","protected":false},"excerpt":{"rendered":"<p>Franz\u00f6sische WinzerWer an Genuss denkt, assoziiert Frankreich in irgendeiner Weise. Beim Thema Wein ist es unbedingt so. So f\u00e4ngt z.B. das Wein-ABC nicht mit `A\u00b4 an, sondern mit `B\u00b4, wie Bordeaux, Bourgogne, Beaujolais, Barrique, Bukett, Brut an und oft &#8211; bedauerlicherweise &#8211; auch mit `P\u00b4 wie Preis. Auch in dieser Liste gilt, dass der Preis [&hellip;]<\/p>\n","protected":false},"author":1,"featured_media":0,"parent":0,"menu_order":0,"comment_status":"closed","ping_status":"closed","template":"","meta":{"_et_pb_use_builder":"on","_et_pb_old_content":"","_et_gb_content_width":"","footnotes":""},"class_list":["post-49366","page","type-page","status-publish","hentry"],"_links":{"self":[{"href":"https:\/\/www.kiekrin-weinhandlung.de\/index.php?rest_route=\/wp\/v2\/pages\/49366","targetHints":{"allow":["GET"]}}],"collection":[{"href":"https:\/\/www.kiekrin-weinhandlung.de\/index.php?rest_route=\/wp\/v2\/pages"}],"about":[{"href":"https:\/\/www.kiekrin-weinhandlung.de\/index.php?rest_route=\/wp\/v2\/types\/page"}],"author":[{"embeddable":true,"href":"https:\/\/www.kiekrin-weinhandlung.de\/index.php?rest_route=\/wp\/v2\/users\/1"}],"replies":[{"embeddable":true,"href":"https:\/\/www.kiekrin-weinhandlung.de\/index.php?rest_route=%2Fwp%2Fv2%2Fcomments&post=49366"}],"version-history":[{"count":8,"href":"https:\/\/www.kiekrin-weinhandlung.de\/index.php?rest_route=\/wp\/v2\/pages\/49366\/revisions"}],"predecessor-version":[{"id":49699,"href":"https:\/\/www.kiekrin-weinhandlung.de\/index.php?rest_route=\/wp\/v2\/pages\/49366\/revisions\/49699"}],"wp:attachment":[{"href":"https:\/\/www.kiekrin-weinhandlung.de\/index.php?rest_route=%2Fwp%2Fv2%2Fmedia&parent=49366"}],"curies":[{"name":"wp","href":"https:\/\/api.w.org\/{rel}","templated":true}]}}