{"id":49351,"date":"2018-03-12T12:05:05","date_gmt":"2018-03-12T11:05:05","guid":{"rendered":"http:\/\/www.kiekrin-weinhandlung.de\/?page_id=49351"},"modified":"2023-04-04T14:56:31","modified_gmt":"2023-04-04T12:56:31","slug":"deutsche-winzer","status":"publish","type":"page","link":"https:\/\/www.kiekrin-weinhandlung.de\/?page_id=49351","title":{"rendered":"Winzer &#038; Weine"},"content":{"rendered":"<p>[et_pb_section fb_built=&#8220;1&#8243; fullwidth=&#8220;on&#8220; _builder_version=&#8220;3.22&#8243; global_colors_info=&#8220;{}&#8220;][et_pb_fullwidth_header title=&#8220;Unser Weine&#8220; text_orientation=&#8220;center&#8220; background_overlay_color=&#8220;rgba(255,255,255,0.4)&#8220; _builder_version=&#8220;4.10.8&#8243; title_font=&#8220;||||||||&#8220; title_text_color=&#8220;#000000&#8243; title_font_size=&#8220;62px&#8220; background_color=&#8220;rgba(255, 255, 255, 0)&#8220; background_image=&#8220;http:\/\/www.kiekrin-weinhandlung.de\/wp-content\/uploads\/2018\/02\/kiekrin-weine-antik-header.jpg&#8220; custom_button_one=&#8220;on&#8220; button_one_text_color=&#8220;#ffffff&#8220; button_one_bg_color=&#8220;#6c3538&#8243; button_one_font=&#8220;||||||||&#8220; button_one_icon=&#8220;%%71%%&#8220; background_layout=&#8220;light&#8220; hover_enabled=&#8220;0&#8243; title_text_shadow_style=&#8220;preset1&#8243; global_colors_info=&#8220;{}&#8220; button_one_text_size__hover_enabled=&#8220;off&#8220; button_two_text_size__hover_enabled=&#8220;off&#8220; button_one_text_color__hover_enabled=&#8220;off&#8220; button_two_text_color__hover_enabled=&#8220;off&#8220; button_one_border_width__hover_enabled=&#8220;off&#8220; button_two_border_width__hover_enabled=&#8220;off&#8220; button_one_border_color__hover_enabled=&#8220;off&#8220; button_two_border_color__hover_enabled=&#8220;off&#8220; button_one_border_radius__hover_enabled=&#8220;off&#8220; button_two_border_radius__hover_enabled=&#8220;off&#8220; button_one_letter_spacing__hover_enabled=&#8220;off&#8220; button_two_letter_spacing__hover_enabled=&#8220;off&#8220; button_one_bg_color__hover_enabled=&#8220;off&#8220; button_two_bg_color__hover_enabled=&#8220;off&#8220; sticky_enabled=&#8220;0&#8243;][\/et_pb_fullwidth_header][\/et_pb_section][et_pb_section fb_built=&#8220;1&#8243; _builder_version=&#8220;3.22&#8243; global_colors_info=&#8220;{}&#8220;][et_pb_row _builder_version=&#8220;3.25&#8243; global_colors_info=&#8220;{}&#8220;][et_pb_column type=&#8220;4_4&#8243; _builder_version=&#8220;3.25&#8243; custom_padding=&#8220;|||&#8220; global_colors_info=&#8220;{}&#8220; custom_padding__hover=&#8220;|||&#8220;][et_pb_text _builder_version=&#8220;3.27.4&#8243; global_colors_info=&#8220;{}&#8220;]<\/p>\n<h1 style=\"text-align: center;\">Weing\u00e4rten der Welt<\/h1>\n<p>[\/et_pb_text][\/et_pb_column][\/et_pb_row][et_pb_row column_structure=&#8220;1_2,1_2&#8243; _builder_version=&#8220;3.25&#8243; global_colors_info=&#8220;{}&#8220;][et_pb_column type=&#8220;1_2&#8243; _builder_version=&#8220;3.25&#8243; custom_padding=&#8220;|||&#8220; global_colors_info=&#8220;{}&#8220; custom_padding__hover=&#8220;|||&#8220;][et_pb_text _builder_version=&#8220;3.27.4&#8243; global_colors_info=&#8220;{}&#8220;]<\/p>\n<h3 class=\"bodytext\">Liebe Weinfreunde,<\/h3>\n<p class=\"bodytext\">der Wein wird immer besser! Allerorts geschehen kleine und gro\u00dfe Wunder. Wo noch vor wenigen Jahren einfache Weine geerntet wurden, stehen heute neue, vielversprechende Gew\u00e4chse. Es gibt Winzerfamilien, die seit Generationen ihre Weing\u00e4rten bewirtschaften, es gibt junge Wilde, Quereinsteiger, die ihren eigenen Stil verfolgen, es gibt `Winemaker\u00b4, Profis, die \u00fcberall auf der Welt in Sachen Wein zu hause sind. Eine enorme Bandbreite, von der Sie, die Weingenie\u00dfer und wir, die Berufsgenie\u00dfer, profitieren. Ein bunt gef\u00e4chertes Probierprogramm ist zu bew\u00e4ltigen, um die richtigen Genussweine f\u00fcr Sie herauszufinden. Und das ist unser Job. Glauben Sie jedoch nicht, dass wir gl\u00fcckselig jeden Abend mit den Gedanken an Ihren Genusswein im Kopf und viel mehr davon im Bauch betrunken nach Hause gehen. Wir probieren und &#8211; bei aller Liebe, wieder hinaus damit!\u00a0 &#8211; So, wie es sich geh\u00f6rt.<\/p>\n<p class=\"bodytext\">All den positiven Entwicklungen\u00a0 zum Trotz \u2013 es gibt auch Probleme. Immer mehr Weine hinterlassen eine Alkoholvergiftung. Mehr als 14,5% sind f\u00fcr `einfache\u00b4 Weine zuviel! Und die `anmutigen\u00b4, die `teuren\u00b4, die wirklich gut gemachten \u2013 sie schmecken oft langweilig! Wie bitte? So etwas sagt mein Weinh\u00e4ndler? Ja! Bei all den wirklich gut und oft f\u00fcr teures Geld gemachten Weinen, kommt mir immer h\u00e4ufiger der Begriff `langweilig\u00b4 in den Sinn. Solche Weine haben keine Kanten, sie lassen sich nicht biegen, wir k\u00f6nnen nicht mehr mit ihnen streiten, sie sind `Sofort-Trinkgut\u00b4, sie sind schon fertig, bevor wir die Falsche \u00fcberhaupt aufgemacht haben.<\/p>\n<p>[\/et_pb_text][\/et_pb_column][et_pb_column type=&#8220;1_2&#8243; _builder_version=&#8220;3.25&#8243; custom_padding=&#8220;|||&#8220; global_colors_info=&#8220;{}&#8220; custom_padding__hover=&#8220;|||&#8220;][et_pb_text _builder_version=&#8220;3.27.4&#8243; global_colors_info=&#8220;{}&#8220;]<\/p>\n<p class=\"bodytext\">Sie brauchen keine Luft mehr, keine Zeit! Wir wollen den Wein aber noch erleben! Der erste Blick, die Farbe, die ersten Duftaromen in der Nase, richtig tief einatmen, noch einmal ein Blick und dann der erste Schluck. Das Mundgef\u00fchl, schl\u00fcrfen, den Gaumen umsp\u00fclen, den Duft von der Nase im Mund zelebrieren. Jetzt die Weinprobe. Toller K\u00f6rper, tolle Frucht, aber dennoch langweilig. Was ist passiert?? Aus der `Kunst des Weinmachens\u00b4 ist ein Produkt geworden. Sicher gut gemeint. Aber\u00a0 lieben Sie `Mainstream\u00b4? Wir nicht! Ehrlich gesagt, ich m\u00f6chte mehr. `Komplizierte\u00b4 Weine, wenn man das so sagen darf. Weine von Winzern und Winzerinnen, die ihre Weinberge kennen und lieben. Die noch in den Keller gehen und heulen, wenn etwas schief gegangen ist. Ja, das gibt es durchaus noch. Nun will ich nicht zu theatralisch werden; schlie\u00dflich geht es oft einfach nur um ein Glas Wein am Abend, um einen Essensbegleiter und um den Wein zu einem besonderen Anlass. Aber den Wein wollen wir dennoch haben, den gelebten, nicht den gemachten.<\/p>\n<h3 class=\"bodytext\"><\/h3>\n<p>[\/et_pb_text][et_pb_text _builder_version=&#8220;3.27.4&#8243; text_font=&#8220;||||||||&#8220; header_font=&#8220;||||||||&#8220; header_3_font=&#8220;||||||||&#8220; header_4_font=&#8220;||||||||&#8220; global_colors_info=&#8220;{}&#8220;]<\/p>\n<h4 class=\"bodytext\">In diesem Sinne,<br \/>\nihr Weinh\u00e4ndler Kalle Mengel<br \/>\nund das Kiek Rin Team<\/h4>\n<p>[\/et_pb_text][\/et_pb_column][\/et_pb_row][\/et_pb_section]<\/p>\n","protected":false},"excerpt":{"rendered":"<p>Weing\u00e4rten der Welt Liebe Weinfreunde, der Wein wird immer besser! Allerorts geschehen kleine und gro\u00dfe Wunder. Wo noch vor wenigen Jahren einfache Weine geerntet wurden, stehen heute neue, vielversprechende Gew\u00e4chse. Es gibt Winzerfamilien, die seit Generationen ihre Weing\u00e4rten bewirtschaften, es gibt junge Wilde, Quereinsteiger, die ihren eigenen Stil verfolgen, es gibt `Winemaker\u00b4, Profis, die \u00fcberall [&hellip;]<\/p>\n","protected":false},"author":1,"featured_media":0,"parent":0,"menu_order":0,"comment_status":"closed","ping_status":"closed","template":"","meta":{"_et_pb_use_builder":"on","_et_pb_old_content":"","_et_gb_content_width":"","footnotes":""},"class_list":["post-49351","page","type-page","status-publish","hentry"],"_links":{"self":[{"href":"https:\/\/www.kiekrin-weinhandlung.de\/index.php?rest_route=\/wp\/v2\/pages\/49351","targetHints":{"allow":["GET"]}}],"collection":[{"href":"https:\/\/www.kiekrin-weinhandlung.de\/index.php?rest_route=\/wp\/v2\/pages"}],"about":[{"href":"https:\/\/www.kiekrin-weinhandlung.de\/index.php?rest_route=\/wp\/v2\/types\/page"}],"author":[{"embeddable":true,"href":"https:\/\/www.kiekrin-weinhandlung.de\/index.php?rest_route=\/wp\/v2\/users\/1"}],"replies":[{"embeddable":true,"href":"https:\/\/www.kiekrin-weinhandlung.de\/index.php?rest_route=%2Fwp%2Fv2%2Fcomments&post=49351"}],"version-history":[{"count":20,"href":"https:\/\/www.kiekrin-weinhandlung.de\/index.php?rest_route=\/wp\/v2\/pages\/49351\/revisions"}],"predecessor-version":[{"id":50436,"href":"https:\/\/www.kiekrin-weinhandlung.de\/index.php?rest_route=\/wp\/v2\/pages\/49351\/revisions\/50436"}],"wp:attachment":[{"href":"https:\/\/www.kiekrin-weinhandlung.de\/index.php?rest_route=%2Fwp%2Fv2%2Fmedia&parent=49351"}],"curies":[{"name":"wp","href":"https:\/\/api.w.org\/{rel}","templated":true}]}}