{"id":49209,"date":"2018-02-14T11:08:34","date_gmt":"2018-02-14T10:08:34","guid":{"rendered":"http:\/\/www.kiekrin-weinhandlung.de\/?page_id=49209"},"modified":"2026-04-20T15:03:53","modified_gmt":"2026-04-20T13:03:53","slug":"proben-schmausen","status":"publish","type":"page","link":"https:\/\/www.kiekrin-weinhandlung.de\/?page_id=49209","title":{"rendered":"Proben &#038; Schmausen"},"content":{"rendered":"<p>[et_pb_section fb_built=&#8220;1&#8243; _builder_version=&#8220;4.10.8&#8243; custom_padding=&#8220;1px|0px|54px|0px&#8220; global_colors_info=&#8220;{}&#8220;][et_pb_row column_structure=&#8220;1_3,1_3,1_3&#8243; _builder_version=&#8220;4.10.8&#8243; global_colors_info=&#8220;{}&#8220;][et_pb_column type=&#8220;1_3&#8243; _builder_version=&#8220;4.10.8&#8243; _module_preset=&#8220;default&#8220; global_colors_info=&#8220;{}&#8220;][\/et_pb_column][et_pb_column type=&#8220;1_3&#8243; _builder_version=&#8220;3.25&#8243; custom_padding=&#8220;|||&#8220; global_colors_info=&#8220;{}&#8220; custom_padding__hover=&#8220;|||&#8220;][et_pb_text _builder_version=&#8220;4.10.8&#8243; custom_padding=&#8220;0px|||||&#8220; global_colors_info=&#8220;{}&#8220;]<\/p>\n<h3><strong><\/strong><strong> :-)WeinSchmaus <\/strong><\/h3>\n<h3><strong>\u00a0<\/strong><\/h3>\n<h3><strong><span style=\"font-size: large;\">N\u00e4chster Termin: <\/span><\/strong><\/h3>\n<h3><span style=\"font-size: large; color: rgba(0, 0, 0, 0.98);\">Im September 2026<br \/><\/span><\/h3>\n<h3><span style=\"font-size: large; color: rgba(0, 0, 0, 0.98);\">19.00 bis 22. 00 Uhr<\/span><\/h3>\n<p><span style=\"font-size: large; color: rgba(0, 0, 0, 0.98);\"><\/span><\/p>\n<p><span style=\"font-size: large; color: rgba(0, 0, 0, 0.98);\">Lust auf etwas ganz Besonderes?<\/span><\/p>\n<p><span style=\"font-size: large; color: rgba(0, 0, 0, 0.98);\">dann schnell Tickets sichern, als Geschenk zum Geburtag, f\u00fcr Freunde oder einfach f\u00fcr euch selbst. <\/span><\/p>\n<p><span style=\"font-size: large; color: rgba(0, 0, 0, 0.98);\">Genie\u00dft einen Abend voller Geschmack, Genuss und geselliger Atmosph\u00e4re mit einer Auswahl erlesener Weine, die sorgf\u00e4ltig auf unser 4-G\u00e4nge-Men\u00fc abgestimmt sind. Jeder Gang wird von einem passende Wein begleitet und fachkundig und fr\u00f6hlich vorgestellt. Hier k\u00f6nnt ihr was lernen:-)<br \/><\/span><\/p>\n<p><span style=\"font-size: large; color: rgba(0, 0, 0, 0.98);\">Erlebt spannende Aromen, interessante Hintergr\u00fcnde und harmonische Kombis von Speis und Trank. Kommt vorbei und Kiek&#8217;t Rin!!<br \/><\/span><\/p>\n<p><span style=\"font-size: large; color: rgba(0, 0, 0, 0.98);\"><\/span><\/p>\n<p><span style=\"font-size: large; color: rgba(0, 0, 0, 0.98);\">Wir freuen uns auf euch!<\/span><\/p>\n<h5 class=\"p1\"><span style=\"font-size: large;\">Ihr Kalle Mengel und <\/span><\/h5>\n<h5 class=\"p1\"><span style=\"font-size: large;\">das Kiek Rin Team<\/span><\/h5>\n<h5 class=\"p1\"><span style=\"font-size: large; color: rgba(0, 0, 0, 0.98);\"><\/span><\/h5>\n<h5 class=\"p1\"><span style=\"font-size: large; color: rgba(0, 0, 0, 0.98);\"><\/span><\/h5>\n<h5 class=\"p1\"><span style=\"font-size: large; color: rgba(0, 0, 0, 0.98);\"><\/span><\/h5>\n<h5 class=\"p1\"><span style=\"font-size: large; color: rgba(0, 0, 0, 0.98);\"><\/span><strong><span style=\"font-size: large;\">Tickets und Infos bekommt Ihr bei uns im Laden.<\/span><\/strong><\/h5>\n<h5 class=\"p1\"><strong><span style=\"font-size: large;\">Kosten: 89,- pro Person<\/span><\/strong><\/h5>\n<p><span style=\"font-size: large; color: rgba(0, 0, 0, 0.98);\"><\/span><\/p>\n<p><span style=\"font-size: large; color: rgba(0, 0, 0, 0.98);\"><\/span><\/p>\n<p><span style=\"font-size: large;\">Achtung, die Teilnahmezahl ist begrenzt.<\/span><\/p>\n<p><span style=\"color: #961522;\"><strong><span style=\"font-size: large;\"><\/span><\/strong><\/span><span style=\"font-size: large;\"><\/span><strong><span style=\"font-size: large;\">Weitere Wein-Schmaus-Termine:<\/span><\/strong><\/p>\n<p><strong><span style=\"font-size: large;\">im November 2026<br \/><\/span><\/strong><\/p>\n<p><strong><span style=\"font-size: large;\">Das genaue Datum gibt es ganz bald:-)<\/span><\/strong><\/p>\n<p><strong><span style=\"font-size: large;\"><\/span><\/strong><\/p>\n<p><span style=\"font-size: large; color: rgba(0, 0, 0, 0.98);\"><\/span><\/p>\n<p><span style=\"font-size: large; color: rgba(0, 0, 0, 0.98);\"><\/span><\/p>\n<p><span style=\"font-size: large; color: rgba(0, 0, 0, 0.98);\"><\/span><\/p>\n<p><span style=\"font-size: large; color: rgba(0, 0, 0, 0.98);\"><\/span><\/p>\n<p><span style=\"font-size: large; color: rgba(0, 0, 0, 0.98);\"><\/span><\/p>\n<p><strong><span style=\"font-size: large;\"><\/span><\/strong><\/p>\n<p style=\"text-align: center;\">\n<p>[\/et_pb_text][et_pb_divider show_divider=&#8220;off&#8220; _builder_version=&#8220;3.2&#8243; max_width=&#8220;22%&#8220; module_alignment=&#8220;center&#8220; height=&#8220;8px&#8220; global_colors_info=&#8220;{}&#8220;][\/et_pb_divider][\/et_pb_column][et_pb_column type=&#8220;1_3&#8243; _builder_version=&#8220;3.25&#8243; custom_padding=&#8220;|||&#8220; global_colors_info=&#8220;{}&#8220; custom_padding__hover=&#8220;|||&#8220;][et_pb_image src=&#8220;https:\/\/www.kiekrin-weinhandlung.de\/wp-content\/uploads\/2024\/12\/esssen_tickets_faecher_600.jpg&#8220; title_text=&#8220;esssen_tickets_faecher_600&#8243; _builder_version=&#8220;4.10.8&#8243; _module_preset=&#8220;default&#8220; custom_margin=&#8220;||41px|||&#8220; global_colors_info=&#8220;{}&#8220;][\/et_pb_image][\/et_pb_column][\/et_pb_row][\/et_pb_section]<\/p>\n","protected":false},"excerpt":{"rendered":"<p>:-)WeinSchmaus \u00a0 N\u00e4chster Termin: Im September 2026 19.00 bis 22. 00 Uhr Lust auf etwas ganz Besonderes? dann schnell Tickets sichern, als Geschenk zum Geburtag, f\u00fcr Freunde oder einfach f\u00fcr euch selbst. Genie\u00dft einen Abend voller Geschmack, Genuss und geselliger Atmosph\u00e4re mit einer Auswahl erlesener Weine, die sorgf\u00e4ltig auf unser 4-G\u00e4nge-Men\u00fc abgestimmt sind. Jeder Gang [&hellip;]<\/p>\n","protected":false},"author":1,"featured_media":0,"parent":0,"menu_order":0,"comment_status":"closed","ping_status":"closed","template":"","meta":{"_et_pb_use_builder":"on","_et_pb_old_content":"","_et_gb_content_width":"","footnotes":""},"class_list":["post-49209","page","type-page","status-publish","hentry"],"_links":{"self":[{"href":"https:\/\/www.kiekrin-weinhandlung.de\/index.php?rest_route=\/wp\/v2\/pages\/49209","targetHints":{"allow":["GET"]}}],"collection":[{"href":"https:\/\/www.kiekrin-weinhandlung.de\/index.php?rest_route=\/wp\/v2\/pages"}],"about":[{"href":"https:\/\/www.kiekrin-weinhandlung.de\/index.php?rest_route=\/wp\/v2\/types\/page"}],"author":[{"embeddable":true,"href":"https:\/\/www.kiekrin-weinhandlung.de\/index.php?rest_route=\/wp\/v2\/users\/1"}],"replies":[{"embeddable":true,"href":"https:\/\/www.kiekrin-weinhandlung.de\/index.php?rest_route=%2Fwp%2Fv2%2Fcomments&post=49209"}],"version-history":[{"count":94,"href":"https:\/\/www.kiekrin-weinhandlung.de\/index.php?rest_route=\/wp\/v2\/pages\/49209\/revisions"}],"predecessor-version":[{"id":50563,"href":"https:\/\/www.kiekrin-weinhandlung.de\/index.php?rest_route=\/wp\/v2\/pages\/49209\/revisions\/50563"}],"wp:attachment":[{"href":"https:\/\/www.kiekrin-weinhandlung.de\/index.php?rest_route=%2Fwp%2Fv2%2Fmedia&parent=49209"}],"curies":[{"name":"wp","href":"https:\/\/api.w.org\/{rel}","templated":true}]}}