{"id":49203,"date":"2018-02-06T14:48:54","date_gmt":"2018-02-06T13:48:54","guid":{"rendered":"http:\/\/www.kiekrin-weinhandlung.de\/?page_id=49203"},"modified":"2025-02-14T14:01:25","modified_gmt":"2025-02-14T13:01:25","slug":"service","status":"publish","type":"page","link":"https:\/\/www.kiekrin-weinhandlung.de\/?page_id=49203","title":{"rendered":"Service"},"content":{"rendered":"<p>[et_pb_section fb_built=&#8220;1&#8243; _builder_version=&#8220;3.22&#8243; custom_padding=&#8220;0px|0px|54px|0px&#8220; global_colors_info=&#8220;{}&#8220;][et_pb_row column_structure=&#8220;1_2,1_2&#8243; _builder_version=&#8220;3.25&#8243; custom_padding=&#8220;27px|0px|2px|0px&#8220; global_colors_info=&#8220;{}&#8220;][et_pb_column type=&#8220;1_2&#8243; _builder_version=&#8220;3.25&#8243; custom_padding=&#8220;|||&#8220; global_colors_info=&#8220;{}&#8220; custom_padding__hover=&#8220;|||&#8220;][et_pb_text _builder_version=&#8220;3.27.4&#8243; global_colors_info=&#8220;{}&#8220;]<\/p>\n<div class=\"csc-header csc-header-n1\">\n<h1 class=\"csc-firstHeader\">Geschenke, Geschenke, Geschenke!<\/h1>\n<h1 class=\"csc-firstHeader\"><\/h1>\n<h1 class=\"csc-firstHeader\">Es ist f\u00fcr alle was dabei<\/h1>\n<\/div>\n<div class=\"csc-textpic-text\">\n<p class=\"bodytext\">Wir k\u00f6nnen noch wirklich behaupten, dass es uns Spa\u00df macht f\u00fcr Euch Geschenke zu verpacken. Klaro, &#8222;echter&#8220; Einzelhandel. <br \/>Na gut, zu Weihnachten ist es manchmal die H\u00f6lle.<\/p>\n<p class=\"bodytext\">Zum Teil haben wir bereits vorbereitete Pr\u00e4sentboxen, sozusagen &#8222;to Go&#8220;, wenn es mal schnell gehen muss (siehe Bild.)<br \/>Wir stellen euch aber auch Geschenkk\u00f6rbe ganz nach eurem Geschmack ganz individuell zusammen. Wenn euch Inspiration oder Zeit fehlen, stellen wir aber auch gerne Geschenke f\u00fcr Euch zusammen. Ihr braucht sie dann nur noch abholen und Euren Beschenkten Freude bereiten.<\/p>\n<p class=\"bodytext\">Wir haben schon oft mit unserer Kundschaft gemeinsame Sache gemacht. Die Verpackung wurde z.B. mitgebracht und wir haben eine kleine Weinprobe zusammengestellt. Wir haben es uns nicht nehmen lassen kleine Texte zu den einzelnen Rebsorten zu schreiben, Handschriftlich, mit Feder und Tinte. Es ist so vieles m\u00f6glich.<\/p>\n<p class=\"bodytext\">Kurz: Wir versuchen euch alles erdenklich zu erm\u00f6glichen!<\/p>\n<p class=\"bodytext\">Wichtig ist das Gespr\u00e4ch zwischen uns &#8211; um etwas sch\u00f6nes zu finden.<\/p>\n<\/div>\n<p>[\/et_pb_text][\/et_pb_column][et_pb_column type=&#8220;1_2&#8243; _builder_version=&#8220;3.25&#8243; custom_padding=&#8220;|||&#8220; global_colors_info=&#8220;{}&#8220; custom_padding__hover=&#8220;|||&#8220;][et_pb_image src=&#8220;http:\/\/www.kiekrin-weinhandlung.de\/wp-content\/uploads\/2018\/02\/praesentkorb-laden.jpg&#8220; align_tablet=&#8220;center&#8220; align_phone=&#8220;&#8220; align_last_edited=&#8220;on|desktop&#8220; _builder_version=&#8220;3.23&#8243; global_colors_info=&#8220;{}&#8220;][\/et_pb_image][\/et_pb_column][\/et_pb_row][et_pb_row _builder_version=&#8220;3.25&#8243; global_colors_info=&#8220;{}&#8220;][et_pb_column type=&#8220;4_4&#8243; _builder_version=&#8220;3.25&#8243; custom_padding=&#8220;|||&#8220; global_colors_info=&#8220;{}&#8220; custom_padding__hover=&#8220;|||&#8220;][\/et_pb_column][\/et_pb_row][\/et_pb_section][et_pb_section fb_built=&#8220;1&#8243; _builder_version=&#8220;3.22&#8243; custom_padding=&#8220;3px|0px|54px|0px&#8220; global_colors_info=&#8220;{}&#8220;][et_pb_row column_structure=&#8220;1_3,1_3,1_3&#8243; _builder_version=&#8220;3.25&#8243; background_size=&#8220;initial&#8220; background_position=&#8220;top_left&#8220; background_repeat=&#8220;repeat&#8220; custom_padding=&#8220;27px|0px|86px|0px&#8220; global_colors_info=&#8220;{}&#8220;][et_pb_column type=&#8220;1_3&#8243; _builder_version=&#8220;3.25&#8243; custom_padding=&#8220;|||&#8220; global_colors_info=&#8220;{}&#8220; custom_padding__hover=&#8220;|||&#8220;][et_pb_blurb title=&#8220;LIEFERUNGEN&#8220; use_icon=&#8220;on&#8220; font_icon=&#8220;%%102%%&#8220; icon_color=&#8220;#ffffff&#8220; use_circle=&#8220;on&#8220; _builder_version=&#8220;4.10.8&#8243; text_orientation=&#8220;center&#8220; global_colors_info=&#8220;{}&#8220;]<\/p>\n<p><strong>Wir liefern mittwochs und freitags<\/strong><br \/>ab 12 Flaschen frei Haus.<br \/>(Bitte sp\u00e4testens einen Tag<br \/>vorher bestellen!)<\/p>\n<p>[\/et_pb_blurb][\/et_pb_column][et_pb_column type=&#8220;1_3&#8243; _builder_version=&#8220;3.25&#8243; custom_padding=&#8220;|||&#8220; global_colors_info=&#8220;{}&#8220; custom_padding__hover=&#8220;|||&#8220;][et_pb_blurb title=&#8220;KOMMISSION&#8220; use_icon=&#8220;on&#8220; font_icon=&#8220;%%10%%&#8220; icon_color=&#8220;#ffffff&#8220; use_circle=&#8220;on&#8220; _builder_version=&#8220;4.10.8&#8243; text_orientation=&#8220;center&#8220; global_colors_info=&#8220;{}&#8220;]<\/p>\n<p class=\"bodytext\"><strong>Bei uns k\u00f6nnen Sie Getr\u00e4nke auf <\/strong><br \/><strong>Kommission bestellen<\/strong><\/p>\n<p class=\"bodytext\">Mindestabnahme: 12 Flaschen.<\/p>\n<p class=\"bodytext\">Der Verleih von\u00a0Sekt-und Weingl\u00e4sern<br \/>(pro Glas = 0,80 \u20ac Verleihgeb\u00fchr)<br \/>erfolgt\u00a0nur in Verbindung mit unserer Ware.<\/p>\n<p class=\"bodytext\">Pro kaputtes\/besch\u00e4digtes Glas wird eine Geb\u00fchr von 4 \u20ac berechnet.<\/p>\n<p class=\"bodytext\">Gl\u00e4ser m\u00fcssen sp\u00e4testens eine Woche nach Verleih zur\u00fcckgebracht werden.<\/p>\n<p>[\/et_pb_blurb][\/et_pb_column][et_pb_column type=&#8220;1_3&#8243; _builder_version=&#8220;3.25&#8243; custom_padding=&#8220;|||&#8220; global_colors_info=&#8220;{}&#8220; custom_padding__hover=&#8220;|||&#8220;][et_pb_blurb title=&#8220;VERSAND&#8220; use_icon=&#8220;on&#8220; font_icon=&#8220;%%109%%&#8220; icon_color=&#8220;#ffffff&#8220; use_circle=&#8220;on&#8220; _builder_version=&#8220;3.0.101&#8243; text_orientation=&#8220;center&#8220; global_colors_info=&#8220;{}&#8220;]<\/p>\n<p class=\"bodytext\"><strong>Wir verpacken und versenden Flaschen\u00a0Bundesweit.<\/strong><\/p>\n<p class=\"bodytext\">Bis 6 Flaschen f\u00fcr\u00a09,50\u20ac<br \/>\n(inkl. Verpackung)<\/p>\n<p class=\"bodytext\">Von 6 bis 18 Flaschen f\u00fcr\u00a017,90\u20ac<br \/>\n(inkl. Verpackung)<\/p>\n<p class=\"bodytext\">Ab 18 Flaschen frei Haus<\/p>\n<p>[\/et_pb_blurb][\/et_pb_column][\/et_pb_row][et_pb_row column_structure=&#8220;1_2,1_2&#8243; _builder_version=&#8220;3.25&#8243; global_colors_info=&#8220;{}&#8220;][et_pb_column type=&#8220;1_2&#8243; _builder_version=&#8220;3.25&#8243; custom_padding=&#8220;|||&#8220; global_colors_info=&#8220;{}&#8220; custom_padding__hover=&#8220;|||&#8220;][et_pb_text _builder_version=&#8220;4.10.8&#8243; global_colors_info=&#8220;{}&#8220;]<\/p>\n<div class=\"csc-header csc-header-n2\">\n<h3>Allgemeine Gesch\u00e4ftsbedingungen<\/h3>\n<\/div>\n<ul>\n<li class=\"bodytext\">Mit erscheinen dieser Preisliste verlieren alle vorherigen Preislisten ihre G\u00fcltigkeit.<\/li>\n<li class=\"bodytext\">Alle Preise verstehen sich in Euro (\u20ac), inclusive der gesetzlichen Mwst.<\/li>\n<li class=\"bodytext\">Preis\u00e4nderungen sowie \u00c4nderungen der Jahrg\u00e4nge\u00a0behalten wir uns vor.<\/li>\n<li class=\"bodytext\">Die Zahlung erfolgt, wenn nicht anders vereinbart, nach Erhalt der Ware.<\/li>\n<li class=\"bodytext\">Bis zur vollst\u00e4ndigen Bezahlung bleibt die von uns gelieferte Ware unser Eigentum.<\/li>\n<li class=\"bodytext\">Erf\u00fcllungsort und Gerichtsstand ist Bremen.<\/li>\n<\/ul>\n<p>[\/et_pb_text][\/et_pb_column][et_pb_column type=&#8220;1_2&#8243; _builder_version=&#8220;3.25&#8243; custom_padding=&#8220;|||&#8220; global_colors_info=&#8220;{}&#8220; custom_padding__hover=&#8220;|||&#8220;][et_pb_text _builder_version=&#8220;4.10.8&#8243; text_font=&#8220;||||||||&#8220; background_color=&#8220;#ffffff&#8220; global_colors_info=&#8220;{}&#8220;]<\/p>\n<div class=\"csc-header csc-header-n1\">\n<h3 class=\"csc-firstHeader\">Hinweis f\u00fcr Gesch\u00e4ftskunden<\/h3>\n<\/div>\n<p class=\"bodytext\">M\u00f6chten Sie Ihren Mitarbeitenden, Kund*innen oder Partner*innen etwas Gutes tun?<br \/>Egal, ob Ihr Wohlt\u00e4tigkeitswunsch eine oder 50 Menschen begl\u00fccken soll &#8211; Kein Problem.<br \/>Bitte kommen Sie fr\u00fchzeitig, damit wir Zeit haben, Ihren W\u00fcnschen gerecht zu werden.<\/p>\n<p>[\/et_pb_text][\/et_pb_column][\/et_pb_row][\/et_pb_section]<\/p>\n","protected":false},"excerpt":{"rendered":"<p>Geschenke, Geschenke, Geschenke! Es ist f\u00fcr alle was dabei Wir k\u00f6nnen noch wirklich behaupten, dass es uns Spa\u00df macht f\u00fcr Euch Geschenke zu verpacken. Klaro, &#8222;echter&#8220; Einzelhandel. Na gut, zu Weihnachten ist es manchmal die H\u00f6lle. Zum Teil haben wir bereits vorbereitete Pr\u00e4sentboxen, sozusagen &#8222;to Go&#8220;, wenn es mal schnell gehen muss (siehe Bild.)Wir stellen [&hellip;]<\/p>\n","protected":false},"author":1,"featured_media":0,"parent":0,"menu_order":0,"comment_status":"closed","ping_status":"closed","template":"","meta":{"_et_pb_use_builder":"on","_et_pb_old_content":"","_et_gb_content_width":"","footnotes":""},"class_list":["post-49203","page","type-page","status-publish","hentry"],"_links":{"self":[{"href":"https:\/\/www.kiekrin-weinhandlung.de\/index.php?rest_route=\/wp\/v2\/pages\/49203","targetHints":{"allow":["GET"]}}],"collection":[{"href":"https:\/\/www.kiekrin-weinhandlung.de\/index.php?rest_route=\/wp\/v2\/pages"}],"about":[{"href":"https:\/\/www.kiekrin-weinhandlung.de\/index.php?rest_route=\/wp\/v2\/types\/page"}],"author":[{"embeddable":true,"href":"https:\/\/www.kiekrin-weinhandlung.de\/index.php?rest_route=\/wp\/v2\/users\/1"}],"replies":[{"embeddable":true,"href":"https:\/\/www.kiekrin-weinhandlung.de\/index.php?rest_route=%2Fwp%2Fv2%2Fcomments&post=49203"}],"version-history":[{"count":14,"href":"https:\/\/www.kiekrin-weinhandlung.de\/index.php?rest_route=\/wp\/v2\/pages\/49203\/revisions"}],"predecessor-version":[{"id":50495,"href":"https:\/\/www.kiekrin-weinhandlung.de\/index.php?rest_route=\/wp\/v2\/pages\/49203\/revisions\/50495"}],"wp:attachment":[{"href":"https:\/\/www.kiekrin-weinhandlung.de\/index.php?rest_route=%2Fwp%2Fv2%2Fmedia&parent=49203"}],"curies":[{"name":"wp","href":"https:\/\/api.w.org\/{rel}","templated":true}]}}